{"id":6,"date":"2025-08-03T17:01:34","date_gmt":"2025-08-03T17:01:34","guid":{"rendered":"https:\/\/divinedog.se\/?page_id=6"},"modified":"2025-10-17T18:03:33","modified_gmt":"2025-10-17T18:03:33","slug":"divinedog-se","status":"publish","type":"page","link":"https:\/\/divinedog.se\/","title":{"rendered":"Divinedog.se"},"content":{"rendered":"\n<div class=\"wp-block-group alignfull is-style-section-1 has-global-padding is-layout-constrained wp-container-core-group-is-layout-cdf985e3 wp-block-group-is-layout-constrained is-style-section-1--1\" style=\"min-height:100vh;margin-top:0;margin-bottom:0;padding-top:var(--wp--preset--spacing--80);padding-right:var(--wp--preset--spacing--80);padding-bottom:var(--wp--preset--spacing--80);padding-left:var(--wp--preset--spacing--80)\">\n<div class=\"wp-block-columns alignwide are-vertically-aligned-center is-layout-flex wp-container-core-columns-is-layout-643ced6b wp-block-columns-is-layout-flex\">\n<div class=\"wp-block-column is-vertically-aligned-center is-layout-flow wp-block-column-is-layout-flow\">\n<figure class=\"wp-block-image aligncenter size-full has-custom-border\"><img loading=\"lazy\" decoding=\"async\" width=\"1707\" height=\"2560\" src=\"https:\/\/divinedog.se\/wp-content\/uploads\/2025\/08\/sommar_midsommar-scaled-1.jpg\" alt=\"\" class=\"wp-image-9\" style=\"border-top-left-radius:150px;border-bottom-right-radius:150px;object-fit:cover\" srcset=\"https:\/\/divinedog.se\/wp-content\/uploads\/2025\/08\/sommar_midsommar-scaled-1.jpg 1707w, https:\/\/divinedog.se\/wp-content\/uploads\/2025\/08\/sommar_midsommar-scaled-1-200x300.jpg 200w, https:\/\/divinedog.se\/wp-content\/uploads\/2025\/08\/sommar_midsommar-scaled-1-683x1024.jpg 683w, https:\/\/divinedog.se\/wp-content\/uploads\/2025\/08\/sommar_midsommar-scaled-1-768x1152.jpg 768w, https:\/\/divinedog.se\/wp-content\/uploads\/2025\/08\/sommar_midsommar-scaled-1-1024x1536.jpg 1024w, https:\/\/divinedog.se\/wp-content\/uploads\/2025\/08\/sommar_midsommar-scaled-1-1366x2048.jpg 1366w\" sizes=\"auto, (max-width: 1707px) 100vw, 1707px\" \/><\/figure>\n<\/div>\n\n\n\n<div class=\"wp-block-column is-vertically-aligned-center is-layout-flow wp-block-column-is-layout-flow\">\n<div class=\"wp-block-group is-vertical is-content-justification-stretch is-layout-flex wp-container-core-group-is-layout-353c4f5a wp-block-group-is-layout-flex\">\n<h2 class=\"wp-block-heading has-text-align-left\">Divinedog <\/h2>\n\n\n\n<p>Den lilla butiken med stort hj\u00e4rta f\u00f6r hundlivet ute och hemma.<\/p>\n\n\n\n<p>Divinedog.se \u00e4r under ombyggnad, vilket tar l\u00e4ngre tid \u00e4n vi r\u00e4knat med. Den nya sidan kommer att (om allt g\u00e5r som det ska) publiceras den 1\/11-2025.<\/p>\n\n\n\n<p>Det kommer att finnas fina ny\u00f6ppningserbjudanden s\u00e5 kika g\u00e4rna in d\u00e5 och se om det \u00e4r n\u00e5got du vill klicka hem.<\/p>\n\n\n\n<p>Under tiden n\u00e5s vi som vanligt via e-post: info@divinedog.se och telefon: 010 &#8211; 101 16 44.<\/p>\n<\/div>\n\n\n\n<p class=\"has-x-large-font-size\">V\u00e4lkommen \u00e5ter! <\/p>\n\n\n\n<div class=\"wp-block-group is-vertical is-content-justification-stretch is-layout-flex wp-container-core-group-is-layout-353c4f5a wp-block-group-is-layout-flex\"><\/div>\n<\/div>\n<\/div>\n<\/div>\n","protected":false},"excerpt":{"rendered":"<p>Divinedog Den lilla butiken med stort hj\u00e4rta f\u00f6r hundlivet ute och hemma. Divinedog.se \u00e4r under ombyggnad, vilket tar l\u00e4ngre tid \u00e4n vi r\u00e4knat med. Den nya sidan kommer att (om allt g\u00e5r som det ska) publiceras den 1\/11-2025. Det kommer att finnas fina ny\u00f6ppningserbjudanden s\u00e5 kika g\u00e4rna in d\u00e5 och se om det \u00e4r n\u00e5got [&hellip;]<\/p>\n","protected":false},"author":1,"featured_media":0,"parent":0,"menu_order":0,"comment_status":"closed","ping_status":"closed","template":"","meta":{"footnotes":""},"class_list":["post-6","page","type-page","status-publish","hentry"],"_links":{"self":[{"href":"https:\/\/divinedog.se\/index.php?rest_route=\/wp\/v2\/pages\/6","targetHints":{"allow":["GET"]}}],"collection":[{"href":"https:\/\/divinedog.se\/index.php?rest_route=\/wp\/v2\/pages"}],"about":[{"href":"https:\/\/divinedog.se\/index.php?rest_route=\/wp\/v2\/types\/page"}],"author":[{"embeddable":true,"href":"https:\/\/divinedog.se\/index.php?rest_route=\/wp\/v2\/users\/1"}],"replies":[{"embeddable":true,"href":"https:\/\/divinedog.se\/index.php?rest_route=%2Fwp%2Fv2%2Fcomments&post=6"}],"version-history":[{"count":5,"href":"https:\/\/divinedog.se\/index.php?rest_route=\/wp\/v2\/pages\/6\/revisions"}],"predecessor-version":[{"id":19,"href":"https:\/\/divinedog.se\/index.php?rest_route=\/wp\/v2\/pages\/6\/revisions\/19"}],"wp:attachment":[{"href":"https:\/\/divinedog.se\/index.php?rest_route=%2Fwp%2Fv2%2Fmedia&parent=6"}],"curies":[{"name":"wp","href":"https:\/\/api.w.org\/{rel}","templated":true}]}}